{"id":3131,"date":"2023-10-13T17:41:16","date_gmt":"2023-10-13T17:41:16","guid":{"rendered":"https:\/\/webizion.com\/medicanah\/?page_id=3131"},"modified":"2025-09-27T08:40:55","modified_gmt":"2025-09-27T05:40:55","slug":"uber-uns","status":"publish","type":"page","link":"https:\/\/medicanah.com\/de\/uber-uns","title":{"rendered":"\u00dcber Uns"},"content":{"rendered":"<div data-elementor-type=\"wp-page\" data-elementor-id=\"3131\" class=\"elementor elementor-3131\" data-elementor-post-type=\"page\">\n\t\t\t\t<div class=\"elementor-element elementor-element-49acf5e e-flex e-con-boxed e-con e-parent\" data-id=\"49acf5e\" data-element_type=\"container\" data-settings=\"{&quot;background_background&quot;:&quot;video&quot;,&quot;background_video_link&quot;:&quot;https:\\\/\\\/youtu.be\\\/KcIgafIBB9g&quot;,&quot;background_play_on_mobile&quot;:&quot;yes&quot;,&quot;background_privacy_mode&quot;:&quot;yes&quot;,&quot;sticky&quot;:&quot;top&quot;,&quot;sticky_on&quot;:[&quot;desktop&quot;],&quot;sticky_offset&quot;:0,&quot;sticky_effects_offset&quot;:0,&quot;sticky_anchor_link_offset&quot;:0}\">\n\t\t\t\t\t<div class=\"e-con-inner\">\n\t\t<div class=\"elementor-background-video-container\" aria-hidden=\"true\">\n\t\t\t\t\t\t\t<div class=\"elementor-background-video-embed\"><\/div>\n\t\t\t\t\t\t<\/div><div class=\"elementor-element elementor-element-6e917fd e-flex e-con-boxed e-con e-child\" data-id=\"6e917fd\" data-element_type=\"container\">\n\t\t\t\t\t<div class=\"e-con-inner\">\n\t\t\t\t<div class=\"elementor-element elementor-element-86babf6 elementor-widget elementor-widget-heading\" data-id=\"86babf6\" data-element_type=\"widget\" data-widget_type=\"heading.default\">\n\t\t\t\t<div class=\"elementor-widget-container\">\n\t\t\t\t\t<h1 class=\"elementor-heading-title elementor-size-default\">\u00dcber Uns<\/h1>\t\t\t\t<\/div>\n\t\t\t\t<\/div>\n\t\t\t\t\t<\/div>\n\t\t\t\t<\/div>\n\t\t\t\t\t<\/div>\n\t\t\t\t<\/div>\n\t\t<div class=\"elementor-element elementor-element-4225050 e-flex e-con-boxed e-con e-parent\" data-id=\"4225050\" data-element_type=\"container\" data-settings=\"{&quot;background_background&quot;:&quot;gradient&quot;}\">\n\t\t\t\t\t<div class=\"e-con-inner\">\n\t\t\t\t<div class=\"elementor-element elementor-element-a269fb3 elementor-widget elementor-widget-image\" data-id=\"a269fb3\" data-element_type=\"widget\" data-widget_type=\"image.default\">\n\t\t\t\t<div class=\"elementor-widget-container\">\n\t\t\t\t\t\t\t\t\t\t\t\t\t\t\t<img fetchpriority=\"high\" decoding=\"async\" width=\"913\" height=\"294\" src=\"https:\/\/medicanah.com\/wp-content\/uploads\/2023\/11\/medicanah-light.webp\" class=\"attachment-full size-full wp-image-5020\" alt=\"\" srcset=\"https:\/\/medicanah.com\/wp-content\/uploads\/2023\/11\/medicanah-light.webp 913w, https:\/\/medicanah.com\/wp-content\/uploads\/2023\/11\/medicanah-light-600x193.webp 600w, https:\/\/medicanah.com\/wp-content\/uploads\/2023\/11\/medicanah-light-450x145.webp 450w, https:\/\/medicanah.com\/wp-content\/uploads\/2023\/11\/medicanah-light-595x192.webp 595w, https:\/\/medicanah.com\/wp-content\/uploads\/2023\/11\/medicanah-light-150x48.webp 150w, https:\/\/medicanah.com\/wp-content\/uploads\/2023\/11\/medicanah-light-768x247.webp 768w, https:\/\/medicanah.com\/wp-content\/uploads\/2023\/11\/medicanah-light-18x6.webp 18w\" sizes=\"(max-width: 913px) 100vw, 913px\" \/>\t\t\t\t\t\t\t\t\t\t\t\t\t\t\t<\/div>\n\t\t\t\t<\/div>\n\t\t\t\t<div class=\"elementor-element elementor-element-2845cf7 elementor-widget-tablet__width-initial elementor-widget__width-initial elementor-widget elementor-widget-text-editor\" data-id=\"2845cf7\" data-element_type=\"widget\" data-widget_type=\"text-editor.default\">\n\t\t\t\t<div class=\"elementor-widget-container\">\n\t\t\t\t\t\t\t\t\t<p>Wir sind leidenschaftlich im Bereich CBD-\u00d6l und engagieren uns f\u00fcr die Entwicklung der medizinischen Cannabis- und Hanfindustrie. Unsere Hingabe liegt darin, die bemerkenswerten Vorteile dieser erstaunlichen Pflanze zu teilen und hervorzuheben.<\/p><p>Unsere Interessen und unsere Leidenschaft f\u00fcr Hanf und seine medizinischen Vorteile reichen bis ins Jahr 2009 zur\u00fcck. Im Laufe der Jahre haben wir uns entwickelt, studiert und innoviert, um der \u00d6ffentlichkeit hochwertiges CBD-\u00d6l zu wettbewerbsf\u00e4higen Preisen anzubieten.<\/p>\t\t\t\t\t\t\t\t<\/div>\n\t\t\t\t<\/div>\n\t\t\t\t\t<\/div>\n\t\t\t\t<\/div>\n\t\t<div class=\"elementor-element elementor-element-54d3800 noisy e-con-full e-flex e-con e-parent\" data-id=\"54d3800\" data-element_type=\"container\" data-settings=\"{&quot;background_background&quot;:&quot;classic&quot;}\">\n\t\t<div class=\"elementor-element elementor-element-db824cb e-con-full elementor-hidden-tablet elementor-hidden-mobile e-flex e-con e-child\" data-id=\"db824cb\" data-element_type=\"container\">\n\t\t\t\t<div class=\"elementor-element elementor-element-5d26fa5 elementor-hidden-tablet elementor-hidden-mobile elementor-widget elementor-widget-image\" data-id=\"5d26fa5\" data-element_type=\"widget\" data-widget_type=\"image.default\">\n\t\t\t\t<div class=\"elementor-widget-container\">\n\t\t\t\t\t\t\t\t\t\t\t\t\t\t\t<img decoding=\"async\" width=\"1000\" height=\"990\" src=\"https:\/\/medicanah.com\/wp-content\/uploads\/2024\/10\/Medicanah_premium_CBD-OIL_team.webp\" class=\"attachment-full size-full wp-image-5836\" alt=\"\" srcset=\"https:\/\/medicanah.com\/wp-content\/uploads\/2024\/10\/Medicanah_premium_CBD-OIL_team.webp 1000w, https:\/\/medicanah.com\/wp-content\/uploads\/2024\/10\/Medicanah_premium_CBD-OIL_team-100x100.webp 100w, https:\/\/medicanah.com\/wp-content\/uploads\/2024\/10\/Medicanah_premium_CBD-OIL_team-600x594.webp 600w, https:\/\/medicanah.com\/wp-content\/uploads\/2024\/10\/Medicanah_premium_CBD-OIL_team-303x300.webp 303w, https:\/\/medicanah.com\/wp-content\/uploads\/2024\/10\/Medicanah_premium_CBD-OIL_team-595x589.webp 595w, https:\/\/medicanah.com\/wp-content\/uploads\/2024\/10\/Medicanah_premium_CBD-OIL_team-150x150.webp 150w, https:\/\/medicanah.com\/wp-content\/uploads\/2024\/10\/Medicanah_premium_CBD-OIL_team-768x760.webp 768w, https:\/\/medicanah.com\/wp-content\/uploads\/2024\/10\/Medicanah_premium_CBD-OIL_team-12x12.webp 12w, https:\/\/medicanah.com\/wp-content\/uploads\/2024\/10\/Medicanah_premium_CBD-OIL_team-450x446.webp 450w\" sizes=\"(max-width: 1000px) 100vw, 1000px\" \/>\t\t\t\t\t\t\t\t\t\t\t\t\t\t\t<\/div>\n\t\t\t\t<\/div>\n\t\t\t\t<\/div>\n\t\t<div class=\"elementor-element elementor-element-80744c8 e-con-full e-flex e-con e-child\" data-id=\"80744c8\" data-element_type=\"container\">\n\t\t\t\t<div class=\"elementor-element elementor-element-e245066 elementor-widget elementor-widget-heading\" data-id=\"e245066\" data-element_type=\"widget\" data-widget_type=\"heading.default\">\n\t\t\t\t<div class=\"elementor-widget-container\">\n\t\t\t\t\t<h2 class=\"elementor-heading-title elementor-size-default\"><span style=\"font-size:40%;margin-bottom:20px;width:100% !important\">Unser Team<\/span>\n<\/h2>\t\t\t\t<\/div>\n\t\t\t\t<\/div>\n\t\t\t\t<div class=\"elementor-element elementor-element-b553e02 elementor-widget elementor-widget-heading\" data-id=\"b553e02\" data-element_type=\"widget\" data-widget_type=\"heading.default\">\n\t\t\t\t<div class=\"elementor-widget-container\">\n\t\t\t\t\t<h2 class=\"elementor-heading-title elementor-size-default\">CBD-Erfahrung<\/h2>\t\t\t\t<\/div>\n\t\t\t\t<\/div>\n\t\t\t\t<div class=\"elementor-element elementor-element-22d4dd3 elementor-hidden-desktop elementor-widget elementor-widget-image\" data-id=\"22d4dd3\" data-element_type=\"widget\" data-widget_type=\"image.default\">\n\t\t\t\t<div class=\"elementor-widget-container\">\n\t\t\t\t\t\t\t\t\t\t\t\t\t\t\t<img decoding=\"async\" width=\"1000\" height=\"990\" src=\"https:\/\/medicanah.com\/wp-content\/uploads\/2024\/10\/Medicanah_premium_CBD-OIL_team.webp\" class=\"attachment-full size-full wp-image-5836\" alt=\"\" srcset=\"https:\/\/medicanah.com\/wp-content\/uploads\/2024\/10\/Medicanah_premium_CBD-OIL_team.webp 1000w, https:\/\/medicanah.com\/wp-content\/uploads\/2024\/10\/Medicanah_premium_CBD-OIL_team-100x100.webp 100w, https:\/\/medicanah.com\/wp-content\/uploads\/2024\/10\/Medicanah_premium_CBD-OIL_team-600x594.webp 600w, https:\/\/medicanah.com\/wp-content\/uploads\/2024\/10\/Medicanah_premium_CBD-OIL_team-303x300.webp 303w, https:\/\/medicanah.com\/wp-content\/uploads\/2024\/10\/Medicanah_premium_CBD-OIL_team-595x589.webp 595w, https:\/\/medicanah.com\/wp-content\/uploads\/2024\/10\/Medicanah_premium_CBD-OIL_team-150x150.webp 150w, https:\/\/medicanah.com\/wp-content\/uploads\/2024\/10\/Medicanah_premium_CBD-OIL_team-768x760.webp 768w, https:\/\/medicanah.com\/wp-content\/uploads\/2024\/10\/Medicanah_premium_CBD-OIL_team-12x12.webp 12w, https:\/\/medicanah.com\/wp-content\/uploads\/2024\/10\/Medicanah_premium_CBD-OIL_team-450x446.webp 450w\" sizes=\"(max-width: 1000px) 100vw, 1000px\" \/>\t\t\t\t\t\t\t\t\t\t\t\t\t\t\t<\/div>\n\t\t\t\t<\/div>\n\t\t\t\t<div class=\"elementor-element elementor-element-6571500 elementor-widget elementor-widget-text-editor\" data-id=\"6571500\" data-element_type=\"widget\" data-widget_type=\"text-editor.default\">\n\t\t\t\t<div class=\"elementor-widget-container\">\n\t\t\t\t\t\t\t\t\t<p>Im Laufe der Jahre haben wir ein Team von medizinischen Fachleuten mit Expertise in den Vorteilen von CBD-\u00d6l zusammengestellt. Sie stehen bereit, um pers\u00f6nliche Beratung und Ratschl\u00e4ge zu Behandlungen anzubieten, die auf die individuellen Bed\u00fcrfnisse und Zust\u00e4nde jedes Kunden zugeschnitten sind.<\/p><p>Eines unserer Teammitglieder ist Allgemeinarzt und Absolvent des Medical Cannabis Institute in den Vereinigten Staaten. Diese angesehene Bildungseinrichtung zentralisiert und nutzt die neuesten Informationen im Zusammenhang mit Forschung auf dem Gebiet des medizinischen Cannabis.<\/p><p>Wir sind bestrebt, das therapeutische Potenzial von CBD-\u00d6l aufzukl\u00e4ren und Vertrauen und Wissen in einer sich schnell ver\u00e4ndernden Welt bereitzustellen. Wir freuen uns darauf, Sie auf Ihrem Weg zu Gesundheit und Wohlbefinden mit CBD-\u00d6l zu begleiten.<\/p>\t\t\t\t\t\t\t\t<\/div>\n\t\t\t\t<\/div>\n\t\t\t\t<\/div>\n\t\t\t\t<\/div>\n\t\t\t\t<\/div>","protected":false},"excerpt":{"rendered":"<p>Who We Are We are passionate about CBD oil and are committed to contributing to the development of the medical cannabis and hemp industry. Our dedication lies in sharing and highlighting the remarkable benefits of this astonishing plant. Our interest and passion for hemp and its medicinal benefits date back to 2009. Over the years, [&hellip;]<\/p>","protected":false},"author":1,"featured_media":4258,"parent":0,"menu_order":0,"comment_status":"closed","ping_status":"closed","template":"","meta":{"footnotes":""},"class_list":["post-3131","page","type-page","status-publish","has-post-thumbnail","hentry"],"yoast_head":"<!-- This site is optimized with the Yoast SEO Premium plugin v26.0 (Yoast SEO v26.0) - https:\/\/yoast.com\/wordpress\/plugins\/seo\/ -->\n<title>Who We Are - Medicanah<\/title>\n<meta name=\"description\" content=\"Learn more about who we are &amp; how we have evolved, studied, and innovated to now offer the public high-quality CBD oil at competitive prices\" \/>\n<meta name=\"robots\" content=\"index, follow, max-snippet:-1, max-image-preview:large, max-video-preview:-1\" \/>\n<link rel=\"canonical\" href=\"https:\/\/medicanah.com\/de\/uber-uns\" \/>\n<meta property=\"og:locale\" content=\"de_DE\" \/>\n<meta property=\"og:type\" content=\"article\" \/>\n<meta property=\"og:title\" content=\"Who We Are\" \/>\n<meta property=\"og:description\" content=\"Learn more about who we are &amp; how we have evolved, studied, and innovated to now offer the public high-quality CBD oil at competitive prices\" \/>\n<meta property=\"og:url\" content=\"https:\/\/medicanah.com\/de\/uber-uns\" \/>\n<meta property=\"og:site_name\" content=\"Medicanah\" \/>\n<meta property=\"article:modified_time\" content=\"2025-09-27T05:40:55+00:00\" \/>\n<meta property=\"og:image\" content=\"https:\/\/medicanah.com\/wp-content\/uploads\/2023\/10\/Medicanah-Premium_Full-Spectrum_CBD_Oil.webp\" \/>\n\t<meta property=\"og:image:width\" content=\"2004\" \/>\n\t<meta property=\"og:image:height\" content=\"2082\" \/>\n\t<meta property=\"og:image:type\" content=\"image\/webp\" \/>\n<meta name=\"twitter:card\" content=\"summary_large_image\" \/>\n<meta name=\"twitter:label1\" content=\"Gesch\u00e4tzte Lesezeit\" \/>\n\t<meta name=\"twitter:data1\" content=\"2\u00a0Minuten\" \/>\n<script type=\"application\/ld+json\" class=\"yoast-schema-graph\">{\"@context\":\"https:\/\/schema.org\",\"@graph\":[{\"@type\":\"WebPage\",\"@id\":\"https:\/\/medicanah.com\/who-we-are\",\"url\":\"https:\/\/medicanah.com\/who-we-are\",\"name\":\"Who We Are - Medicanah\",\"isPartOf\":{\"@id\":\"https:\/\/medicanah.com\/#website\"},\"primaryImageOfPage\":{\"@id\":\"https:\/\/medicanah.com\/who-we-are#primaryimage\"},\"image\":{\"@id\":\"https:\/\/medicanah.com\/who-we-are#primaryimage\"},\"thumbnailUrl\":\"https:\/\/medicanah.com\/wp-content\/uploads\/2023\/10\/Medicanah-Premium_Full-Spectrum_CBD_Oil.webp\",\"datePublished\":\"2023-10-13T17:41:16+00:00\",\"dateModified\":\"2025-09-27T05:40:55+00:00\",\"description\":\"Learn more about who we are & how we have evolved, studied, and innovated to now offer the public high-quality CBD oil at competitive prices\",\"breadcrumb\":{\"@id\":\"https:\/\/medicanah.com\/who-we-are#breadcrumb\"},\"inLanguage\":\"de\",\"potentialAction\":[{\"@type\":\"ReadAction\",\"target\":[\"https:\/\/medicanah.com\/who-we-are\"]}]},{\"@type\":\"ImageObject\",\"inLanguage\":\"de\",\"@id\":\"https:\/\/medicanah.com\/who-we-are#primaryimage\",\"url\":\"https:\/\/medicanah.com\/wp-content\/uploads\/2023\/10\/Medicanah-Premium_Full-Spectrum_CBD_Oil.webp\",\"contentUrl\":\"https:\/\/medicanah.com\/wp-content\/uploads\/2023\/10\/Medicanah-Premium_Full-Spectrum_CBD_Oil.webp\",\"width\":2004,\"height\":2082},{\"@type\":\"BreadcrumbList\",\"@id\":\"https:\/\/medicanah.com\/who-we-are#breadcrumb\",\"itemListElement\":[{\"@type\":\"ListItem\",\"position\":1,\"name\":\"Home\",\"item\":\"https:\/\/medicanah.com\/\"},{\"@type\":\"ListItem\",\"position\":2,\"name\":\"Who We Are\"}]},{\"@type\":\"WebSite\",\"@id\":\"https:\/\/medicanah.com\/#website\",\"url\":\"https:\/\/medicanah.com\/\",\"name\":\"Medicanah\",\"description\":\"The Finest Full-Spectrum CBD Oil\",\"publisher\":{\"@id\":\"https:\/\/medicanah.com\/#organization\"},\"potentialAction\":[{\"@type\":\"SearchAction\",\"target\":{\"@type\":\"EntryPoint\",\"urlTemplate\":\"https:\/\/medicanah.com\/?s={search_term_string}\"},\"query-input\":{\"@type\":\"PropertyValueSpecification\",\"valueRequired\":true,\"valueName\":\"search_term_string\"}}],\"inLanguage\":\"de\"},{\"@type\":\"Organization\",\"@id\":\"https:\/\/medicanah.com\/#organization\",\"name\":\"Medicanah\",\"url\":\"https:\/\/medicanah.com\/\",\"logo\":{\"@type\":\"ImageObject\",\"inLanguage\":\"de\",\"@id\":\"https:\/\/medicanah.com\/#\/schema\/logo\/image\/\",\"url\":\"https:\/\/medicanah.com\/wp-content\/uploads\/2023\/10\/medicanah-logo.webp\",\"contentUrl\":\"https:\/\/medicanah.com\/wp-content\/uploads\/2023\/10\/medicanah-logo.webp\",\"width\":914,\"height\":296,\"caption\":\"Medicanah\"},\"image\":{\"@id\":\"https:\/\/medicanah.com\/#\/schema\/logo\/image\/\"}}]}<\/script>\n<!-- \/ Yoast SEO Premium plugin. -->","yoast_head_json":{"title":"Who We Are - Medicanah","description":"Learn more about who we are & how we have evolved, studied, and innovated to now offer the public high-quality CBD oil at competitive prices","robots":{"index":"index","follow":"follow","max-snippet":"max-snippet:-1","max-image-preview":"max-image-preview:large","max-video-preview":"max-video-preview:-1"},"canonical":"https:\/\/medicanah.com\/de\/uber-uns","og_locale":"de_DE","og_type":"article","og_title":"Who We Are","og_description":"Learn more about who we are & how we have evolved, studied, and innovated to now offer the public high-quality CBD oil at competitive prices","og_url":"https:\/\/medicanah.com\/de\/uber-uns","og_site_name":"Medicanah","article_modified_time":"2025-09-27T05:40:55+00:00","og_image":[{"width":2004,"height":2082,"url":"https:\/\/medicanah.com\/wp-content\/uploads\/2023\/10\/Medicanah-Premium_Full-Spectrum_CBD_Oil.webp","type":"image\/webp"}],"twitter_card":"summary_large_image","twitter_misc":{"Gesch\u00e4tzte Lesezeit":"2\u00a0Minuten"},"schema":{"@context":"https:\/\/schema.org","@graph":[{"@type":"WebPage","@id":"https:\/\/medicanah.com\/who-we-are","url":"https:\/\/medicanah.com\/who-we-are","name":"Who We Are - Medicanah","isPartOf":{"@id":"https:\/\/medicanah.com\/#website"},"primaryImageOfPage":{"@id":"https:\/\/medicanah.com\/who-we-are#primaryimage"},"image":{"@id":"https:\/\/medicanah.com\/who-we-are#primaryimage"},"thumbnailUrl":"https:\/\/medicanah.com\/wp-content\/uploads\/2023\/10\/Medicanah-Premium_Full-Spectrum_CBD_Oil.webp","datePublished":"2023-10-13T17:41:16+00:00","dateModified":"2025-09-27T05:40:55+00:00","description":"Learn more about who we are & how we have evolved, studied, and innovated to now offer the public high-quality CBD oil at competitive prices","breadcrumb":{"@id":"https:\/\/medicanah.com\/who-we-are#breadcrumb"},"inLanguage":"de","potentialAction":[{"@type":"ReadAction","target":["https:\/\/medicanah.com\/who-we-are"]}]},{"@type":"ImageObject","inLanguage":"de","@id":"https:\/\/medicanah.com\/who-we-are#primaryimage","url":"https:\/\/medicanah.com\/wp-content\/uploads\/2023\/10\/Medicanah-Premium_Full-Spectrum_CBD_Oil.webp","contentUrl":"https:\/\/medicanah.com\/wp-content\/uploads\/2023\/10\/Medicanah-Premium_Full-Spectrum_CBD_Oil.webp","width":2004,"height":2082},{"@type":"BreadcrumbList","@id":"https:\/\/medicanah.com\/who-we-are#breadcrumb","itemListElement":[{"@type":"ListItem","position":1,"name":"Home","item":"https:\/\/medicanah.com\/"},{"@type":"ListItem","position":2,"name":"Who We Are"}]},{"@type":"WebSite","@id":"https:\/\/medicanah.com\/#website","url":"https:\/\/medicanah.com\/","name":"Medicanah","description":"The Finest Full-Spectrum CBD Oil","publisher":{"@id":"https:\/\/medicanah.com\/#organization"},"potentialAction":[{"@type":"SearchAction","target":{"@type":"EntryPoint","urlTemplate":"https:\/\/medicanah.com\/?s={search_term_string}"},"query-input":{"@type":"PropertyValueSpecification","valueRequired":true,"valueName":"search_term_string"}}],"inLanguage":"de"},{"@type":"Organization","@id":"https:\/\/medicanah.com\/#organization","name":"Medicanah","url":"https:\/\/medicanah.com\/","logo":{"@type":"ImageObject","inLanguage":"de","@id":"https:\/\/medicanah.com\/#\/schema\/logo\/image\/","url":"https:\/\/medicanah.com\/wp-content\/uploads\/2023\/10\/medicanah-logo.webp","contentUrl":"https:\/\/medicanah.com\/wp-content\/uploads\/2023\/10\/medicanah-logo.webp","width":914,"height":296,"caption":"Medicanah"},"image":{"@id":"https:\/\/medicanah.com\/#\/schema\/logo\/image\/"}}]}},"_links":{"self":[{"href":"https:\/\/medicanah.com\/de\/wp-json\/wp\/v2\/pages\/3131","targetHints":{"allow":["GET"]}}],"collection":[{"href":"https:\/\/medicanah.com\/de\/wp-json\/wp\/v2\/pages"}],"about":[{"href":"https:\/\/medicanah.com\/de\/wp-json\/wp\/v2\/types\/page"}],"author":[{"embeddable":true,"href":"https:\/\/medicanah.com\/de\/wp-json\/wp\/v2\/users\/1"}],"replies":[{"embeddable":true,"href":"https:\/\/medicanah.com\/de\/wp-json\/wp\/v2\/comments?post=3131"}],"version-history":[{"count":122,"href":"https:\/\/medicanah.com\/de\/wp-json\/wp\/v2\/pages\/3131\/revisions"}],"predecessor-version":[{"id":6230,"href":"https:\/\/medicanah.com\/de\/wp-json\/wp\/v2\/pages\/3131\/revisions\/6230"}],"wp:featuredmedia":[{"embeddable":true,"href":"https:\/\/medicanah.com\/de\/wp-json\/wp\/v2\/media\/4258"}],"wp:attachment":[{"href":"https:\/\/medicanah.com\/de\/wp-json\/wp\/v2\/media?parent=3131"}],"curies":[{"name":"wp","href":"https:\/\/api.w.org\/{rel}","templated":true}]}}