{"id":3198,"date":"2023-10-14T12:00:04","date_gmt":"2023-10-14T09:00:04","guid":{"rendered":"https:\/\/webizion.com\/medicanah\/?post_type=product&#038;p=3198"},"modified":"2026-04-27T14:09:34","modified_gmt":"2026-04-27T11:09:34","slug":"cannabis-oil-cbd-15-1500mg-premium-medican-10ml","status":"publish","type":"product","link":"https:\/\/medicanah.com\/hu\/termek\/cannabis-oil-cbd-15-1500mg-premium-medican-10ml","title":{"rendered":"Kannabisz Olaj CBD 15%, 1500mg, Pr\u00e9mium, Medicanah, 10ml"},"content":{"rendered":"<p>Fedezze fel a <b>Medicanah Teljes Spektrum\u00fa CBD Olajat<\/b>, egy innovat\u00edv term\u00e9k a kender vil\u00e1g\u00e1ban, kiv\u00e1l\u00f3 min\u0151s\u00e9g\u00e9\u00e9rt \u00e9s hiteless\u00e9g\u00e9\u00e9rt elismert. Egy szabadalmaztatott elj\u00e1r\u00e1ssal, amely biztos\u00edtja a THC teljes hi\u00e1ny\u00e1t, ez az olaj kiemelked\u0151 a glob\u00e1lis piacon.<\/p>\n<hr \/>\n<h2>Megalkuv\u00e1st Nem T\u0171r\u0151 Tisztas\u00e1g \u00e9s Eredet<\/h2>\n<p>A Medicanah CBD Olajat az Amerikai Egyes\u00fclt \u00c1llamokban gy\u00e1rtj\u00e1k, felel\u0151ss\u00e9gteljes \u00e9s term\u00e9szetes elj\u00e1r\u00e1ssal.<\/p>\n<ul>\n<li><b>Pr\u00e9mium Termeszt\u00e9s:<\/b> Az extrakci\u00f3hoz haszn\u00e1lt kender tiszta, tan\u00fas\u00edtott t\u00f6rzsekb\u0151l sz\u00e1rmazik, terp\u00e9nek \u00e9s kannabinoidok gazdag koncentr\u00e1ci\u00f3j\u00e1val. D\u00f6nt\u0151 fontoss\u00e1g\u00fa, hogy ezt a kendert peszticidekt\u0151l, neh\u00e9zf\u00e9mekt\u0151l \u00e9s m\u0171tr\u00e1gy\u00e1kt\u00f3l mentes k\u00f6rnyezetben termesztik.<\/li>\n<li><b>Magt\u00f3l a Palackig Ellen\u0151rz\u00e9s:<\/b> Szigor\u00fa min\u0151s\u00e9g-ellen\u0151rz\u00e9st alkalmaznak a gy\u00e1rt\u00e1si folyamat minden r\u00e9szlet\u00e9re, a magok elvet\u00e9s\u00e9t\u0151l a v\u00e9gs\u0151 CBD olaj-extrakci\u00f3ig. Ez biztos\u00edtja, hogy a term\u00e9k tisztas\u00e1ga \u00e9s min\u0151s\u00e9ge megfeleljen a legmagasabb lehets\u00e9ges el\u0151\u00edr\u00e1soknak.<\/li>\n<li><b>Felel\u0151ss\u00e9gteljes Termel\u00e9s:<\/b> Elj\u00e1r\u00e1sunk nemcsak kiv\u00e1l\u00f3 term\u00e9ket garant\u00e1l, hanem egy tiszt\u00e1bb, eg\u00e9szs\u00e9gesebb k\u00f6rnyezetet is t\u00e1mogat. Tiszta t\u00f6rzsek \u00e9s \u00f6kol\u00f3giai termeszt\u00e9s alkalmaz\u00e1s\u00e1val hozz\u00e1j\u00e1rulunk az \u00f6kosziszt\u00e9ma meg\u0151rz\u00e9s\u00e9hez \u00e9s az emberi eg\u00e9szs\u00e9g el\u0151mozd\u00edt\u00e1s\u00e1hoz.<\/li>\n<\/ul>\n<p>A Medicanah CBD Olaj egy el\u0151rel\u00e9p\u00e9s mind az eg\u00e9szs\u00e9g, mind a k\u00f6rnyezet szempontj\u00e1b\u00f3l, magas min\u0151s\u00e9g\u0171 term\u00e9ket k\u00edn\u00e1l, amely \u00e9rt\u00e9keli a kender eredet\u00e9t \u00e9s tisztas\u00e1g\u00e1t.<\/p>\n<hr \/>\n<h3>F\u0151bb Term\u00e9kjellemz\u0151k<\/h3>\n<ul>\n<li><b>Kiv\u00e1l\u00f3 Min\u0151s\u00e9g:<\/b> A legpr\u00e9miumabb kender t\u00f6rzsek kiv\u00e1laszt\u00e1sa, amelyek term\u00e9szetesen gazdagok kannabinoidokban \u00e9s terp\u00e9nekben.<\/li>\n<li><b>Szobah\u0151m\u00e9rs\u00e9klet\u0171 Extrakci\u00f3s Elj\u00e1r\u00e1s:<\/b> Meg\u0151rzi az \u00e9rt\u00e9kes vegy\u00fcleteket term\u00e9szetes form\u00e1jukban, ezzel biztos\u00edtva a f\u00f6l\u00e9nyt m\u00e1s gy\u00e1rt\u00f3kkal szemben.<\/li>\n<li><b>Term\u00e9szetes Terp\u00e9nek:<\/b> A Medicanah olajban l\u00e9v\u0151 terp\u00e9nek azonosak azokkal, amelyek a nyers kender n\u00f6v\u00e9nyben tal\u00e1lhat\u00f3k, autentikus, kellemes \u00edzt biztos\u00edtva \u00e9s feler\u0151s\u00edtve a ter\u00e1pi\u00e1s hat\u00e1sokat.<\/li>\n<li><b>Fokozott Biohasznosul\u00e1s:<\/b> A terp\u00e9nek ak\u00e1r 50%-kal is aktiv\u00e1lj\u00e1k a kannabinoid receptorokat, fokozva a term\u00e9k hat\u00e9konys\u00e1g\u00e1t. Az MCT hordoz\u00f3olaj tov\u00e1bb fokozza a CBD biohasznosul\u00e1s\u00e1t.<\/li>\n<li><b>Biofotonikus \u00dcveg V\u00e9delem:<\/b> Pr\u00e9mium, gy\u00f3gyszer\u00e9szeti min\u0151s\u00e9g\u0171 tart\u00e1lyt v\u00e1lasztunk, ami elengedhetetlen a hossz\u00fa t\u00e1v\u00fa min\u0151s\u00e9ghez. A biofotonikus \u00fcveg sz\u0171ri a f\u00e9nyt, csak azokat a napsugarakat engedi \u00e1t, amelyek v\u00e9dik \u00e9s meghosszabb\u00edtj\u00e1k az olaj akt\u00edv anyagainak eltarthat\u00f3s\u00e1g\u00e1t.<\/li>\n<\/ul>\n<hr \/>\n<h3>\u00c9rintetlen Tartalom<\/h3>\n<p>Kombin\u00e1ljuk a kiv\u00e1l\u00f3 min\u0151s\u00e9g\u0171 extrakci\u00f3t sz\u00e1nd\u00e9kos \u00f6sszetev\u0151kkel:<\/p>\n<ul>\n<li><b>MCT Hordoz\u00f3olaj:<\/b> Hozz\u00e1adva a CBD biohasznosul\u00e1s\u00e1nak jav\u00edt\u00e1sa \u00e9s sz\u00e1mos eg\u00e9szs\u00e9g\u00fcgyi el\u0151ny biztos\u00edt\u00e1s\u00e1hoz.<\/li>\n<li><b>Kannabinoid Profil (THC-mentes):<\/b> Az olaj kulcsfontoss\u00e1g\u00fa kannabinoidokat tartalmaz, mint p\u00e9ld\u00e1ul a CBD, CBD-A, CBD-V, CBN \u00e9s CBC, de garant\u00e1ltan THC-mentes. Ezek a vegy\u00fcletek k\u00f6lcs\u00f6nhat\u00e1sba l\u00e9pnek az endokannabinoid rendszerrel, k\u00fcl\u00f6nb\u00f6z\u0151 eg\u00e9szs\u00e9g\u00fcgyi szempontok szab\u00e1lyoz\u00e1s\u00e1ra.<\/li>\n<li><b>Flavonoidok:<\/b> Antioxid\u00e1ns vegy\u00fcletek, amelyek v\u00e9dik a sejteket \u00e9s az \u00e9rrendszert, potenci\u00e1lis v\u00edrus-, bakt\u00e9rium- \u00e9s gyullad\u00e1sg\u00e1tl\u00f3 hat\u00e1sokkal.<\/li>\n<li><b>Zs\u00edrsavak:<\/b> Omega 3 \u00e9s Omega 6 tartalommal, t\u00e1mogatja a sz\u00edv eg\u00e9szs\u00e9g\u00e9t, a b\u0151rt \u00e9s az \u00e9tv\u00e1gy szab\u00e1lyoz\u00e1s\u00e1t.<\/li>\n<li><b>Terp\u00e9nek:<\/b> Ezek az organikus vegy\u00fcletek hat\u00e1rozz\u00e1k meg az olaj jellegzetes arom\u00e1j\u00e1t, \u00edz\u00e9t \u00e9s illat\u00e1t, hozz\u00e1j\u00e1rulva annak egyedi hiteless\u00e9g\u00e9hez.<\/li>\n<\/ul>\n<hr \/>\n<h2>A Terp\u00e9nek \u00e9s az Entourage-hat\u00e1s Meg\u00e9rt\u00e9se<\/h2>\n<p>A terp\u00e9nek szerves vegy\u00fcletek, amelyek a n\u00f6v\u00e9nyekben tal\u00e1lhat\u00f3k, \u00e9s hozz\u00e1j\u00e1rulnak jellegzetes arom\u00e1jukhoz \u00e9s illatukhoz. Ezeknek a sokoldal\u00fa vegy\u00fcleteknek sz\u00e1mos felhaszn\u00e1l\u00e1si m\u00f3dja van, bele\u00e9rtve az aromater\u00e1pi\u00e1t, parf\u00fcm\u00f6ket, \u00e9lelmiszereket \u00e9s gy\u00f3gyszereket. A kenderben \u00e9s a kannabiszban a terp\u00e9neket potenci\u00e1lis k\u00f6lcs\u00f6nhat\u00e1suk miatt vizsg\u00e1lj\u00e1k m\u00e1s vegy\u00fcletekkel\u2014amit \u201eEntourage-hat\u00e1sk\u00e9nt\u201d ismer\u00fcnk. A Medicanah olajban l\u00e9v\u0151 terp\u00e9nek autentikusak \u00e9s term\u00e9szetesek, kellemes \u00e9s hat\u00e9kony CBD \u00e9lm\u00e9nyt ny\u00fajtva.<\/p>\n<h4>Kulcsfontoss\u00e1g\u00fa Terp\u00e9nek \u00e9s Potenci\u00e1lis Hat\u00e1suk:<\/h4>\n<ul>\n<li><b>Mirc\u00e9n:<\/b> F\u00f6ldes aroma; antioxid\u00e1ns; seg\u00edti a stroke ut\u00e1ni fel\u00e9p\u00fcl\u00e9st \u00e9s az izomlaz\u00edt\u00e1st.<\/li>\n<li><b>Limon\u00e9n:<\/b> Citrusos aroma; antibakteri\u00e1lis; seg\u00edti a koncentr\u00e1ci\u00f3t \u00e9s cs\u00f6kkenti a szorong\u00e1st.<\/li>\n<li><b>Linalool:<\/b> F\u0171szeres aroma; el\u0151seg\u00edti a nyugalmat, cs\u00f6kkenti a stresszt \u00e9s az izomg\u00f6rcs\u00f6ket.<\/li>\n<li><b>Pinen:<\/b> Feny\u0151 illat; cs\u00f6kkenti a gyullad\u00e1st, jav\u00edtja a mem\u00f3ri\u00e1t \u00e9s tiszt\u00edtja a l\u00e9gutakat.<\/li>\n<li><b>Humul\u00e9n:<\/b> F\u00e1s aroma; seg\u00edti a s\u00falykontrollt \u00e9s cs\u00f6kkenti a gyullad\u00e1st.<\/li>\n<li><b>Terpinol\u00e9n:<\/b> Friss aroma; seg\u00edthet megel\u0151zni a sz\u00edv- \u00e9s \u00e9rrendszeri betegs\u00e9geket \u00e9s meg\u00e1ll\u00edtani a daganatok n\u00f6veked\u00e9s\u00e9t.<\/li>\n<li><b>Bisabolol:<\/b> \u00c9des aroma; b\u0151rgy\u00f3gy\u00e1szati kezel\u00e9sekben haszn\u00e1latos; gyullad\u00e1s-, bakt\u00e9rium- \u00e9s antioxid\u00e1ns tulajdons\u00e1gokkal rendelkezik; enyh\u00edtheti a szorong\u00e1st \u00e9s a sz\u00edv- \u00e9s \u00e9rrendszeri betegs\u00e9geket.<\/li>\n<li><b>Valenc\u00e9n:<\/b> \u00c9des aroma; er\u0151s antioxid\u00e1ns \u00e9s gyullad\u00e1scs\u00f6kkent\u0151 tulajdons\u00e1gok; befoly\u00e1solja az immunrendszert betegs\u00e9gek ellen.<\/li>\n<\/ul>\n<h2>Az Entourage-hat\u00e1s Magyar\u00e1zata<\/h2>\n<p>Az Entourage-hat\u00e1s a term\u00e9szetes vegy\u00fcletek (kannabinoidok, terp\u00e9nek, flavonoidok, zs\u00edrsavak) szinergi\u00e1j\u00e1ra utal a kender n\u00f6v\u00e9nyben. Ezek a vegy\u00fcletek egy\u00fctt dolgoznak, k\u00f6lcs\u00f6n\u00f6sen er\u0151s\u00edtve egym\u00e1s el\u0151nyeit, hogy egy\u00fcttes hat\u00e1st hozzanak l\u00e9tre, amely l\u00e9nyegesen er\u0151sebb, mint az egyes vegy\u00fcletek \u00f6nmagukban ny\u00fajtott el\u0151nyei.<\/p>\n<p>A n\u00f6v\u00e9nyek tisztas\u00e1ga \u00e9s a tiszta extrakci\u00f3s m\u00f3dszer elengedhetetlen egy hat\u00e9kony Entourage-hat\u00e1shoz. A teljes spektrum\u00fa CBD olaj, mint a Medicanah, t\u00f6bb sz\u00e1z term\u00e9szetes vegy\u00fcletet tartalmaz, \u00e9s ez a szinergikus hat\u00e1s megsokszorozza a potenci\u00e1lis el\u0151ny\u00f6ket az eg\u00e9szs\u00e9gre \u00e9s j\u00f3l\u00e9tre. A term\u00e9szetes vegy\u00fcletek szinergi\u00e1j\u00e1nak ez az ereje k\u00fcl\u00f6nb\u00f6zteti meg a Medicanah Olajat mint magas min\u0151s\u00e9g\u0171 term\u00e9ket.<\/p>\n<hr \/>\n<h3>Haszn\u00e1lat \u00e9s Adagol\u00e1s<\/h3>\n<ul>\n<li><b>Haszn\u00e1lat el\u0151tt r\u00e1zza fel j\u00f3l.<\/b><\/li>\n<li><b>Maxim\u00e1lis Napi Adag:<\/b> Orvosi aj\u00e1nl\u00e1s n\u00e9lk\u00fcl a maxim\u00e1lis napi adag nem haladhatja meg az 1mg\u00a0CBD-t tests\u00faly-kilogrammonk\u00e9nt.<\/li>\n<li><b>Szabv\u00e1nyos Haszn\u00e1lat:<\/b> Haszn\u00e1ljon 3-9 cseppet naponta k\u00e9tszer.<b>,<\/b> 12 \u00f3ra elt\u00e9r\u00e9ssel, 30 perccel \u00e9tkez\u00e9s el\u0151tt vagy ut\u00e1n.<\/li>\n<li><b>Felsz\u00edv\u00f3d\u00e1s:<\/b> Tartsa a sz\u00e1j\u00fcregben (a nyelv alatt) 5 percig a jobb felsz\u00edv\u00f3d\u00e1s \u00e9rdek\u00e9ben.<\/li>\n<li class=\"translation-block\"><b>Fokozatos N\u00f6vel\u00e9s:<\/b> Az adagot fokozatosan kell n\u00f6velni. <i>P\u00e9lda:<\/i> 1. h\u00e9t: 3 csepp naponta k\u00e9tszer; 2. h\u00e9t: 4 csepp naponta k\u00e9tszer; 3. h\u00e9t: 5 csepp naponta k\u00e9tszer, stb. Az els\u0151 \u00fcvegnek k\u00f6r\u00fclbel\u00fcl 30 napig kell tartania.<\/li>\n<li class=\"translation-block\"><b>Szem\u00e9lyre szab\u00e1s:<\/b> Ezek az adagok relat\u00edvak \u00e9s jelent\u0151sen v\u00e1ltozhatnak. Az adagol\u00e1s sz\u00e1mos t\u00e9nyez\u0151t\u0151l f\u00fcgg, mint p\u00e9ld\u00e1ul a nem, a tests\u00faly, az \u00e9letkor, az \u00e1llapot t\u00edpusa \u00e9s s\u00falyoss\u00e1ga, a k\u00f3rel\u0151zm\u00e9ny, stb. Ezen okb\u00f3l kifoly\u00f3lag aj\u00e1nlott, hogy az adagot \u00e9s az id\u0151k\u00f6zt az aktu\u00e1lis orvosa vagy gy\u00f3gyszer\u00e9sze hat\u00e1rozza meg.<\/li>\n<li class=\"translation-block\"><b>Optim\u00e1lis Eredm\u00e9nyek:<\/b> Javasoljuk a term\u00e9k haszn\u00e1lat\u00e1t <b>legal\u00e1bb 2\u20133 h\u00f3napig<\/b> az optim\u00e1lis eredm\u00e9nyek\u00e9rt. A k\u00f6vetkezetess\u00e9g a siker kulcsa; \u00fcgyeljen arra, hogy rendszeresen vegye be a napi adagj\u00e1t.<\/li>\n<\/ul>\n<hr \/>\n<h3>Szab\u00e1lyoz\u00e1si \u00e9s Biztons\u00e1gi Inform\u00e1ci\u00f3k<\/h3>\n<ul>\n<li><strong>A CBD olajnak nincs pszichoakt\u00edv hat\u00e1sa<\/strong>.<\/li>\n<li class=\"translation-block\"><b>Kezdeti Adagol\u00e1s:<\/b> Kezdeti adagokat kis mennyis\u00e9gben adagoljon, k\u00fcl\u00f6n\u00f6sen \u00faj felhaszn\u00e1l\u00f3k sz\u00e1m\u00e1ra. T\u00f6bb kisebb adag a nap folyam\u00e1n, egy nagy adag helyett, jobb hat\u00e1ssal lesz. Figyelje meg a hat\u00e1sokat, \u00e9s sz\u00fcks\u00e9g szerint \u00e1ll\u00edtsa be a mennyis\u00e9get.<\/li>\n<li class=\"translation-block\"><b>Korhat\u00e1r:<\/b> Ez a term\u00e9k nem \u00e9rt\u00e9kes\u00edthet\u0151 18 \u00e9ven aluli szem\u00e9lyek sz\u00e1m\u00e1ra.<\/li>\n<li class=\"translation-block\"><b>Terhess\u00e9g\/Szoptat\u00e1s:<\/b> Terhes vagy szoptat\u00f3 n\u0151k nem fogyaszthatj\u00e1k.<\/li>\n<li class=\"translation-block\"><b>Orvosi Konzult\u00e1ci\u00f3:<\/b> Konzult\u00e1ljon orvos\u00e1val, miel\u0151tt CBD olajat vagy b\u00e1rmilyen \u00e9trend-kieg\u00e9sz\u00edt\u0151t haszn\u00e1l, ha s\u00falyos eg\u00e9szs\u00e9g\u00fcgyi probl\u00e9m\u00e1ja van vagy v\u00e9nyk\u00f6teles gy\u00f3gyszert szed.<\/li>\n<li class=\"translation-block\"><b>T\u00e1rol\u00e1s:<\/b> T\u00e1rolja a CBD olajat h\u0171v\u00f6s, sz\u00e1raz helyen, k\u00f6zvetlen napf\u00e9nyt\u0151l v\u00e9dve.<\/li>\n<\/ul>\n<p class=\"translation-block\"><small><b>Jogi Nyilatkozat<\/b>: Ez a term\u00e9k nem gy\u00f3gyszer, \u00e9s nem haszn\u00e1lhat\u00f3 fel gy\u00f3gyszerk\u00e9nt. Ez a term\u00e9k nem alkalmas b\u00e1rmely eg\u00e9szs\u00e9g\u00fcgyi \u00e1llapot diagnosztiz\u00e1l\u00e1s\u00e1ra, kezel\u00e9s\u00e9re, gy\u00f3gy\u00edt\u00e1s\u00e1ra vagy megel\u0151z\u00e9s\u00e9re. Kiz\u00e1r\u00f3lag a csomagol\u00e1son tal\u00e1lhat\u00f3 utas\u00edt\u00e1soknak megfelel\u0151en haszn\u00e1lja.<\/small><\/p>","protected":false},"excerpt":{"rendered":"<div id=\"madein\"><strong>Az USA-ban K\u00e9sz\u00fclt<\/strong> <img decoding=\"async\" class=\"alignnone wp-image-1771 entered lazyloaded\" src=\"https:\/\/medicanah.com\/wp-content\/uploads\/2023\/10\/usflag.png\" alt=\"\" width=\"20\" height=\"20\" data-lazy-src=\"https:\/\/canabismedicinal.ro\/wp-content\/uploads\/2023\/07\/united-states.png\" data-ll-status=\"loaded\" \/><\/div>\n<div id=\"mpIMG\"><img decoding=\"async\" src=\"https:\/\/medicanah.com\/wp-content\/uploads\/2023\/10\/Patented-THC-Free-Full_Spectrum-Cannabis-Oil-CBD_15.webp\" \/><\/div>\n<h3>F\u0151bb Term\u00e9kjellemz\u0151k:<\/h3>\n<ul>\n<li><strong>Szabadalmaztatott Teljes Spektrum\u00fa, Garant\u00e1ltan THC-mentes:<\/strong> \u00c9rje el a kendern\u00f6v\u00e9ny teljes el\u0151nyeit, b\u00e1rmilyen pszichoakt\u00edv kock\u00e1zat n\u00e9lk\u00fcl.<\/li>\n<li><strong>Term\u00e9szetesen Gazdag Bioakt\u00edv Vegy\u00fcletekben:<\/strong> Teljes spektrum\u00fa kannabinoidokat (a n\u00f6v\u00e9nyben tal\u00e1lhat\u00f3 \u00f6sszes kannabinoid t\u00f6bb mint 80%-\u00e1t), term\u00e9szetes terp\u00e9neket \u00e9s m\u00e1s bioakt\u00edv vegy\u00fcleteket tartalmaz, amelyek l\u00e9trehozz\u00e1k az er\u0151teljes \u201eEntourage Hat\u00e1st.\u201d<\/li>\n<li><strong>Autentikus \u00cdzprofil:<\/strong> Az igazi, term\u00e9szetes \u00edz, amely k\u00f6zvetlen\u00fcl a gazdag terp\u00e9ntartalmunkb\u00f3l sz\u00e1rmazik.<\/li>\n<li><strong>P\u00e1ratlan Tisztas\u00e1g:<\/strong> Tan\u00fas\u00edtott, F\u00fcggetlen Laborat\u00f3riumban Tesztelt \u00e9s garant\u00e1ltan szennyez\u0151d\u00e9smentes.<\/li>\n<\/ul>\n<h3>Pr\u00e9mium Csomagol\u00e1s \u00e9s Jellemz\u0151k<\/h3>\n<ul>\n<li><strong>Gy\u00f3gyszer\u00e9szeti Min\u0151s\u00e9g\u0171 Biofotonikus \u00dcveg<\/strong>: Kifejezetten arra tervezt\u00e9k, hogy megv\u00e9dje az olaj tisztas\u00e1g\u00e1t \u00e9s hat\u00f3erej\u00e9t a f\u00e9ny sz\u0171r\u00e9s\u00e9vel, \u00e9s meg\u0151rizze a hat\u00e9konys\u00e1got.<\/li>\n<li class=\"translation-block\">Tartalmaz egy 0,25 ml-es beoszt\u00e1s\u00fa cseppent\u0151t, be\u00e9p\u00edtett gyermekbiztons\u00e1gi rendszerrel.<\/li>\n<\/ul>\n<h3>Specifik\u00e1ci\u00f3<\/h3>\n<table style=\"height: 88px;\" width=\"518\">\n<tbody>\n<tr>\n<td>Palackm\u00e9ret<\/td>\n<td>10ml<\/td>\n<\/tr>\n<tr>\n<td>\u00d6sszes CBD<\/td>\n<td>1500mg (approximately 350 drops)<\/td>\n<\/tr>\n<tr>\n<td>Adag Cseppenk\u00e9nt<\/td>\n<td>~4.5mg CBD<\/td>\n<\/tr>\n<\/tbody>\n<\/table>","protected":false},"featured_media":6368,"comment_status":"open","ping_status":"closed","template":"","meta":[],"product_brand":[],"product_cat":[219],"product_tag":[],"class_list":{"0":"post-3198","1":"product","2":"type-product","3":"status-publish","4":"has-post-thumbnail","6":"product_cat-premium-cbd-oil","8":"first","9":"instock","10":"shipping-taxable","11":"purchasable","12":"product-type-simple"},"yoast_head":"<!-- This site is optimized with the Yoast SEO Premium plugin v26.0 (Yoast SEO v26.0) - https:\/\/yoast.com\/wordpress\/plugins\/seo\/ -->\n<title>Cannabis Oil CBD 15%, 1500mg, Premium, Medicanah, 10ml - Medicanah<\/title>\n<meta name=\"description\" content=\"Patented THC-Free Full Spectrum CBD Oil. US-made, organic, and lab-tested for max purity and Entourage Effect synergy. Shop Medicanah now.\" \/>\n<meta name=\"robots\" content=\"index, follow, max-snippet:-1, max-image-preview:large, max-video-preview:-1\" \/>\n<link rel=\"canonical\" href=\"https:\/\/medicanah.com\/hu\/termek\/cannabis-oil-cbd-15-1500mg-premium-medican-10ml\" \/>\n<meta property=\"og:locale\" content=\"hu_HU\" \/>\n<meta property=\"og:type\" content=\"article\" \/>\n<meta property=\"og:title\" content=\"Cannabis Oil CBD 15%, 1500mg, Premium, Medicanah, 10ml\" \/>\n<meta property=\"og:description\" content=\"Patented THC-Free Full Spectrum CBD Oil. US-made, organic, and lab-tested for max purity and Entourage Effect synergy. Shop Medicanah now.\" \/>\n<meta property=\"og:url\" content=\"https:\/\/medicanah.com\/hu\/termek\/cannabis-oil-cbd-15-1500mg-premium-medican-10ml\" \/>\n<meta property=\"og:site_name\" content=\"Medicanah\" \/>\n<meta property=\"article:modified_time\" content=\"2026-04-27T11:09:34+00:00\" \/>\n<meta property=\"og:image\" content=\"https:\/\/medicanah.com\/wp-content\/uploads\/2023\/10\/Patented-THC-Free-Full_Spectrum-Cannabis-Oil-CBD_15.webp\" \/>\n\t<meta property=\"og:image:width\" content=\"1200\" \/>\n\t<meta property=\"og:image:height\" content=\"1200\" \/>\n\t<meta property=\"og:image:type\" content=\"image\/webp\" \/>\n<meta name=\"twitter:card\" content=\"summary_large_image\" \/>\n<meta name=\"twitter:label1\" content=\"\u00c1r\" \/>\n\t<meta name=\"twitter:data1\" content=\"\u20ac34,99\" \/>\n\t<meta name=\"twitter:label2\" content=\"El\u00e9rhet\u0151s\u00e9g\" \/>\n\t<meta name=\"twitter:data2\" content=\"K\u00e9szleten\" \/>\n<script type=\"application\/ld+json\" class=\"yoast-schema-graph\">{\"@context\":\"https:\/\/schema.org\",\"@graph\":[{\"@type\":\"WebPage\",\"@id\":\"https:\/\/medicanah.com\/product\/cannabis-oil-cbd-15-1500mg-premium-medican-10ml\",\"url\":\"https:\/\/medicanah.com\/product\/cannabis-oil-cbd-15-1500mg-premium-medican-10ml\",\"name\":\"Cannabis Oil CBD 15%, 1500mg, Premium, Medicanah, 10ml - Medicanah\",\"isPartOf\":{\"@id\":\"https:\/\/medicanah.com\/#website\"},\"primaryImageOfPage\":{\"@id\":\"https:\/\/medicanah.com\/product\/cannabis-oil-cbd-15-1500mg-premium-medican-10ml#primaryimage\"},\"image\":{\"@id\":\"https:\/\/medicanah.com\/product\/cannabis-oil-cbd-15-1500mg-premium-medican-10ml#primaryimage\"},\"thumbnailUrl\":\"https:\/\/medicanah.com\/wp-content\/uploads\/2023\/10\/Patented-THC-Free-Full_Spectrum-Cannabis-Oil-CBD_15.webp\",\"datePublished\":\"2023-10-14T09:00:04+00:00\",\"dateModified\":\"2026-04-27T11:09:34+00:00\",\"description\":\"Patented THC-Free Full Spectrum CBD Oil. US-made, organic, and lab-tested for max purity and Entourage Effect synergy. Shop Medicanah now.\",\"breadcrumb\":{\"@id\":\"https:\/\/medicanah.com\/product\/cannabis-oil-cbd-15-1500mg-premium-medican-10ml#breadcrumb\"},\"inLanguage\":\"hu\",\"potentialAction\":[{\"@type\":\"ReadAction\",\"target\":[\"https:\/\/medicanah.com\/product\/cannabis-oil-cbd-15-1500mg-premium-medican-10ml\"]}]},{\"@type\":\"ImageObject\",\"inLanguage\":\"hu\",\"@id\":\"https:\/\/medicanah.com\/product\/cannabis-oil-cbd-15-1500mg-premium-medican-10ml#primaryimage\",\"url\":\"https:\/\/medicanah.com\/wp-content\/uploads\/2023\/10\/Patented-THC-Free-Full_Spectrum-Cannabis-Oil-CBD_15.webp\",\"contentUrl\":\"https:\/\/medicanah.com\/wp-content\/uploads\/2023\/10\/Patented-THC-Free-Full_Spectrum-Cannabis-Oil-CBD_15.webp\",\"width\":1200,\"height\":1200},{\"@type\":\"BreadcrumbList\",\"@id\":\"https:\/\/medicanah.com\/product\/cannabis-oil-cbd-15-1500mg-premium-medican-10ml#breadcrumb\",\"itemListElement\":[{\"@type\":\"ListItem\",\"position\":1,\"name\":\"Home\",\"item\":\"https:\/\/medicanah.com\/\"},{\"@type\":\"ListItem\",\"position\":2,\"name\":\"Products\",\"item\":\"https:\/\/medicanah.com\/shop\"},{\"@type\":\"ListItem\",\"position\":3,\"name\":\"Cannabis Oil CBD 15%, 1500mg, Premium, Medicanah, 10ml\"}]},{\"@type\":\"WebSite\",\"@id\":\"https:\/\/medicanah.com\/#website\",\"url\":\"https:\/\/medicanah.com\/\",\"name\":\"Medicanah\",\"description\":\"The Finest Full-Spectrum CBD Oil\",\"publisher\":{\"@id\":\"https:\/\/medicanah.com\/#organization\"},\"potentialAction\":[{\"@type\":\"SearchAction\",\"target\":{\"@type\":\"EntryPoint\",\"urlTemplate\":\"https:\/\/medicanah.com\/?s={search_term_string}\"},\"query-input\":{\"@type\":\"PropertyValueSpecification\",\"valueRequired\":true,\"valueName\":\"search_term_string\"}}],\"inLanguage\":\"hu\"},{\"@type\":\"Organization\",\"@id\":\"https:\/\/medicanah.com\/#organization\",\"name\":\"Medicanah\",\"url\":\"https:\/\/medicanah.com\/\",\"logo\":{\"@type\":\"ImageObject\",\"inLanguage\":\"hu\",\"@id\":\"https:\/\/medicanah.com\/#\/schema\/logo\/image\/\",\"url\":\"https:\/\/medicanah.com\/wp-content\/uploads\/2023\/10\/medicanah-logo.webp\",\"contentUrl\":\"https:\/\/medicanah.com\/wp-content\/uploads\/2023\/10\/medicanah-logo.webp\",\"width\":914,\"height\":296,\"caption\":\"Medicanah\"},\"image\":{\"@id\":\"https:\/\/medicanah.com\/#\/schema\/logo\/image\/\"}}]}<\/script>\n<meta property=\"product:price:amount\" content=\"34.99\" \/>\n<meta property=\"product:price:currency\" content=\"EUR\" \/>\n<meta property=\"og:availability\" content=\"instock\" \/>\n<meta property=\"product:availability\" content=\"instock\" \/>\n<meta property=\"product:retailer_item_id\" content=\"MC-UCB-15-10\" \/>\n<meta property=\"product:condition\" content=\"new\" \/>\n<!-- \/ Yoast SEO Premium plugin. -->","yoast_head_json":{"title":"Cannabis Oil CBD 15%, 1500mg, Premium, Medicanah, 10ml - Medicanah","description":"Patented THC-Free Full Spectrum CBD Oil. US-made, organic, and lab-tested for max purity and Entourage Effect synergy. Shop Medicanah now.","robots":{"index":"index","follow":"follow","max-snippet":"max-snippet:-1","max-image-preview":"max-image-preview:large","max-video-preview":"max-video-preview:-1"},"canonical":"https:\/\/medicanah.com\/hu\/termek\/cannabis-oil-cbd-15-1500mg-premium-medican-10ml","og_locale":"hu_HU","og_type":"article","og_title":"Cannabis Oil CBD 15%, 1500mg, Premium, Medicanah, 10ml","og_description":"Patented THC-Free Full Spectrum CBD Oil. US-made, organic, and lab-tested for max purity and Entourage Effect synergy. Shop Medicanah now.","og_url":"https:\/\/medicanah.com\/hu\/termek\/cannabis-oil-cbd-15-1500mg-premium-medican-10ml","og_site_name":"Medicanah","article_modified_time":"2026-04-27T11:09:34+00:00","og_image":[{"width":1200,"height":1200,"url":"https:\/\/medicanah.com\/wp-content\/uploads\/2023\/10\/Patented-THC-Free-Full_Spectrum-Cannabis-Oil-CBD_15.webp","type":"image\/webp"}],"twitter_card":"summary_large_image","twitter_misc":{"\u00c1r":"\u20ac34,99","El\u00e9rhet\u0151s\u00e9g":"K\u00e9szleten"},"schema":{"@context":"https:\/\/schema.org","@graph":[{"@type":"WebPage","@id":"https:\/\/medicanah.com\/product\/cannabis-oil-cbd-15-1500mg-premium-medican-10ml","url":"https:\/\/medicanah.com\/product\/cannabis-oil-cbd-15-1500mg-premium-medican-10ml","name":"Cannabis Oil CBD 15%, 1500mg, Premium, Medicanah, 10ml - Medicanah","isPartOf":{"@id":"https:\/\/medicanah.com\/#website"},"primaryImageOfPage":{"@id":"https:\/\/medicanah.com\/product\/cannabis-oil-cbd-15-1500mg-premium-medican-10ml#primaryimage"},"image":{"@id":"https:\/\/medicanah.com\/product\/cannabis-oil-cbd-15-1500mg-premium-medican-10ml#primaryimage"},"thumbnailUrl":"https:\/\/medicanah.com\/wp-content\/uploads\/2023\/10\/Patented-THC-Free-Full_Spectrum-Cannabis-Oil-CBD_15.webp","datePublished":"2023-10-14T09:00:04+00:00","dateModified":"2026-04-27T11:09:34+00:00","description":"Patented THC-Free Full Spectrum CBD Oil. US-made, organic, and lab-tested for max purity and Entourage Effect synergy. Shop Medicanah now.","breadcrumb":{"@id":"https:\/\/medicanah.com\/product\/cannabis-oil-cbd-15-1500mg-premium-medican-10ml#breadcrumb"},"inLanguage":"hu","potentialAction":[{"@type":"ReadAction","target":["https:\/\/medicanah.com\/product\/cannabis-oil-cbd-15-1500mg-premium-medican-10ml"]}]},{"@type":"ImageObject","inLanguage":"hu","@id":"https:\/\/medicanah.com\/product\/cannabis-oil-cbd-15-1500mg-premium-medican-10ml#primaryimage","url":"https:\/\/medicanah.com\/wp-content\/uploads\/2023\/10\/Patented-THC-Free-Full_Spectrum-Cannabis-Oil-CBD_15.webp","contentUrl":"https:\/\/medicanah.com\/wp-content\/uploads\/2023\/10\/Patented-THC-Free-Full_Spectrum-Cannabis-Oil-CBD_15.webp","width":1200,"height":1200},{"@type":"BreadcrumbList","@id":"https:\/\/medicanah.com\/product\/cannabis-oil-cbd-15-1500mg-premium-medican-10ml#breadcrumb","itemListElement":[{"@type":"ListItem","position":1,"name":"Home","item":"https:\/\/medicanah.com\/"},{"@type":"ListItem","position":2,"name":"Products","item":"https:\/\/medicanah.com\/shop"},{"@type":"ListItem","position":3,"name":"Cannabis Oil CBD 15%, 1500mg, Premium, Medicanah, 10ml"}]},{"@type":"WebSite","@id":"https:\/\/medicanah.com\/#website","url":"https:\/\/medicanah.com\/","name":"Medicanah","description":"The Finest Full-Spectrum CBD Oil","publisher":{"@id":"https:\/\/medicanah.com\/#organization"},"potentialAction":[{"@type":"SearchAction","target":{"@type":"EntryPoint","urlTemplate":"https:\/\/medicanah.com\/?s={search_term_string}"},"query-input":{"@type":"PropertyValueSpecification","valueRequired":true,"valueName":"search_term_string"}}],"inLanguage":"hu"},{"@type":"Organization","@id":"https:\/\/medicanah.com\/#organization","name":"Medicanah","url":"https:\/\/medicanah.com\/","logo":{"@type":"ImageObject","inLanguage":"hu","@id":"https:\/\/medicanah.com\/#\/schema\/logo\/image\/","url":"https:\/\/medicanah.com\/wp-content\/uploads\/2023\/10\/medicanah-logo.webp","contentUrl":"https:\/\/medicanah.com\/wp-content\/uploads\/2023\/10\/medicanah-logo.webp","width":914,"height":296,"caption":"Medicanah"},"image":{"@id":"https:\/\/medicanah.com\/#\/schema\/logo\/image\/"}}]},"product_price_amount":"34.99","product_price_currency":"EUR","og_availability":"instock","product_availability":"instock","product_retailer_item_id":"MC-UCB-15-10","product_condition":"new"},"_links":{"self":[{"href":"https:\/\/medicanah.com\/hu\/wp-json\/wp\/v2\/product\/3198","targetHints":{"allow":["GET"]}}],"collection":[{"href":"https:\/\/medicanah.com\/hu\/wp-json\/wp\/v2\/product"}],"about":[{"href":"https:\/\/medicanah.com\/hu\/wp-json\/wp\/v2\/types\/product"}],"replies":[{"embeddable":true,"href":"https:\/\/medicanah.com\/hu\/wp-json\/wp\/v2\/comments?post=3198"}],"wp:featuredmedia":[{"embeddable":true,"href":"https:\/\/medicanah.com\/hu\/wp-json\/wp\/v2\/media\/6368"}],"wp:attachment":[{"href":"https:\/\/medicanah.com\/hu\/wp-json\/wp\/v2\/media?parent=3198"}],"wp:term":[{"taxonomy":"product_brand","embeddable":true,"href":"https:\/\/medicanah.com\/hu\/wp-json\/wp\/v2\/product_brand?post=3198"},{"taxonomy":"product_cat","embeddable":true,"href":"https:\/\/medicanah.com\/hu\/wp-json\/wp\/v2\/product_cat?post=3198"},{"taxonomy":"product_tag","embeddable":true,"href":"https:\/\/medicanah.com\/hu\/wp-json\/wp\/v2\/product_tag?post=3198"}],"curies":[{"name":"wp","href":"https:\/\/api.w.org\/{rel}","templated":true}]}}